{"id":42,"date":"2025-06-05T17:34:02","date_gmt":"2025-06-05T15:34:02","guid":{"rendered":"https:\/\/etudiant6.vikapu.com\/?page_id=42"},"modified":"2025-06-06T13:30:27","modified_gmt":"2025-06-06T11:30:27","slug":"a-propos-de-nous","status":"publish","type":"page","link":"https:\/\/etudiant6.vikapu.com\/index.php\/a-propos-de-nous\/","title":{"rendered":"A propos de nous"},"content":{"rendered":"\t\t<div data-elementor-type=\"wp-page\" data-elementor-id=\"42\" class=\"elementor elementor-42\">\n\t\t\t\t\t\t<section class=\"elementor-section elementor-top-section elementor-element elementor-element-1a5aeaf40 elementor-section-boxed elementor-section-height-default elementor-section-height-default wpr-particle-no wpr-jarallax-no wpr-parallax-no wpr-sticky-section-no\" data-id=\"1a5aeaf40\" data-element_type=\"section\" data-settings=\"{&quot;background_background&quot;:&quot;classic&quot;}\">\n\t\t\t\t\t\t\t<div class=\"elementor-background-overlay\"><\/div>\n\t\t\t\t\t\t\t<div class=\"elementor-container elementor-column-gap-default\">\n\t\t\t\t\t<div class=\"elementor-column elementor-col-100 elementor-top-column elementor-element elementor-element-22d2500d\" data-id=\"22d2500d\" data-element_type=\"column\">\n\t\t\t<div class=\"elementor-widget-wrap elementor-element-populated\">\n\t\t\t\t\t\t<div class=\"elementor-element elementor-element-2413e922 elementor-widget elementor-widget-heading\" data-id=\"2413e922\" data-element_type=\"widget\" data-widget_type=\"heading.default\">\n\t\t\t\t<div class=\"elementor-widget-container\">\n\t\t\t\t\t<h2 class=\"elementor-heading-title elementor-size-default\">A propos de nous<\/h2>\t\t\t\t<\/div>\n\t\t\t\t<\/div>\n\t\t\t\t\t<\/div>\n\t\t<\/div>\n\t\t\t\t\t<\/div>\n\t\t<\/section>\n\t\t\t\t<section class=\"elementor-section elementor-top-section elementor-element elementor-element-43d5c4c5 elementor-section-boxed elementor-section-height-default elementor-section-height-default wpr-particle-no wpr-jarallax-no wpr-parallax-no wpr-sticky-section-no\" data-id=\"43d5c4c5\" data-element_type=\"section\">\n\t\t\t\t\t\t<div class=\"elementor-container elementor-column-gap-default\">\n\t\t\t\t\t<div class=\"elementor-column elementor-col-50 elementor-top-column elementor-element elementor-element-2eb4a02b\" data-id=\"2eb4a02b\" data-element_type=\"column\" data-settings=\"{&quot;background_background&quot;:&quot;classic&quot;}\">\n\t\t\t<div class=\"elementor-widget-wrap\">\n\t\t\t\t\t\t\t<\/div>\n\t\t<\/div>\n\t\t\t\t<div class=\"elementor-column elementor-col-50 elementor-top-column elementor-element elementor-element-2b509ec\" data-id=\"2b509ec\" data-element_type=\"column\">\n\t\t\t<div class=\"elementor-widget-wrap elementor-element-populated\">\n\t\t\t\t\t\t<div class=\"elementor-element elementor-element-27fa9dbe elementor-widget elementor-widget-text-editor\" data-id=\"27fa9dbe\" data-element_type=\"widget\" data-widget_type=\"text-editor.default\">\n\t\t\t\t<div class=\"elementor-widget-container\">\n\t\t\t\t\t\t\t\t\t<p><strong>Bukavu Market\u00a0<\/strong>est supermarch\u00e9 local fond\u00e9 pour r\u00e9pondre aux besoins des familles et habitants de la ville de Bukavu.<\/p>\t\t\t\t\t\t\t\t<\/div>\n\t\t\t\t<\/div>\n\t\t\t\t<div class=\"elementor-element elementor-element-38c2d988 elementor-widget elementor-widget-text-editor\" data-id=\"38c2d988\" data-element_type=\"widget\" data-widget_type=\"text-editor.default\">\n\t\t\t\t<div class=\"elementor-widget-container\">\n\t\t\t\t\t\t\t\t\t<p>Nous mettons \u00e0 votre disposition une grande vari\u00e9t\u00e9 de produits essentiels: alimentation, produits frais, boissons, hygi\u00e8ne, entretien, et bien plus encore.<\/p>\n<p>Notre mission est simple:<\/p><p>_Offrir des produits de qualit\u00e9 \u00e0 des prix accessibles;<\/p><p>_Cr\u00e9er un escape propre, sur et agr\u00e9able pour faire ses courses;<\/p><p>_Etre proche de nos clients et \u00e0 leur \u00e9coute chaque jour;<\/p>\n<p><\/p>\t\t\t\t\t\t\t\t<\/div>\n\t\t\t\t<\/div>\n\t\t\t\t\t<\/div>\n\t\t<\/div>\n\t\t\t\t\t<\/div>\n\t\t<\/section>\n\t\t\t\t<section class=\"elementor-section elementor-top-section elementor-element elementor-element-55ccff76 elementor-section-boxed elementor-section-height-default elementor-section-height-default wpr-particle-no wpr-jarallax-no wpr-parallax-no wpr-sticky-section-no\" data-id=\"55ccff76\" data-element_type=\"section\">\n\t\t\t\t\t\t<div class=\"elementor-container elementor-column-gap-default\">\n\t\t\t\t\t<div class=\"elementor-column elementor-col-100 elementor-top-column elementor-element elementor-element-32bf8f2a\" data-id=\"32bf8f2a\" data-element_type=\"column\">\n\t\t\t<div class=\"elementor-widget-wrap elementor-element-populated\">\n\t\t\t\t\t\t<div class=\"elementor-element elementor-element-56d36208 elementor-widget elementor-widget-heading\" data-id=\"56d36208\" data-element_type=\"widget\" data-widget_type=\"heading.default\">\n\t\t\t\t<div class=\"elementor-widget-container\">\n\t\t\t\t\t<h2 class=\"elementor-heading-title elementor-size-default\">\"<span style=\"font-size: 14px;font-style: normal;text-align: left\">Notre objectif est de satisfaire chaque client avec des produits de qualit\u00e9, \u00e0 bon prix, dans un environnement propre et accueillant.<\/span>\"<\/h2>\t\t\t\t<\/div>\n\t\t\t\t<\/div>\n\t\t\t\t<div class=\"elementor-element elementor-element-6a5e3063 elementor-widget elementor-widget-image\" data-id=\"6a5e3063\" data-element_type=\"widget\" data-widget_type=\"image.default\">\n\t\t\t\t<div class=\"elementor-widget-container\">\n\t\t\t\t\t\t\t\t\t\t\t\t\t\t\t<img fetchpriority=\"high\" decoding=\"async\" width=\"612\" height=\"324\" src=\"https:\/\/etudiant6.vikapu.com\/wp-content\/uploads\/2025\/06\/istockphoto-1466935470-612x612-1.jpg\" class=\"attachment-full size-full wp-image-55\" alt=\"\" srcset=\"https:\/\/etudiant6.vikapu.com\/wp-content\/uploads\/2025\/06\/istockphoto-1466935470-612x612-1.jpg 612w, https:\/\/etudiant6.vikapu.com\/wp-content\/uploads\/2025\/06\/istockphoto-1466935470-612x612-1-300x159.jpg 300w\" sizes=\"100vw\" \/>\t\t\t\t\t\t\t\t\t\t\t\t\t\t\t<\/div>\n\t\t\t\t<\/div>\n\t\t\t\t\t<\/div>\n\t\t<\/div>\n\t\t\t\t\t<\/div>\n\t\t<\/section>\n\t\t\t\t<\/div>\n\t\t","protected":false},"excerpt":{"rendered":"<p>A propos de nous Bukavu Market\u00a0est supermarch\u00e9 local fond\u00e9 pour r\u00e9pondre aux besoins des familles et habitants de la ville de Bukavu. Nous mettons \u00e0 votre disposition une grande vari\u00e9t\u00e9 de produits essentiels: alimentation, produits frais, boissons, hygi\u00e8ne, entretien, et bien plus encore. Notre mission est simple: _Offrir des produits de qualit\u00e9 \u00e0 des prix accessibles; _Cr\u00e9er un escape propre, sur et agr\u00e9able pour faire ses courses; _Etre proche de nos clients et \u00e0 leur \u00e9coute chaque jour; \u00ab\u00a0Notre objectif est de satisfaire chaque client avec des produits de qualit\u00e9, \u00e0 bon prix, dans un environnement propre et accueillant.\u00a0\u00bb<\/p>\n","protected":false},"author":1,"featured_media":0,"parent":0,"menu_order":0,"comment_status":"closed","ping_status":"closed","template":"elementor_header_footer","meta":{"footnotes":""},"class_list":["post-42","page","type-page","status-publish","hentry"],"_links":{"self":[{"href":"https:\/\/etudiant6.vikapu.com\/index.php\/wp-json\/wp\/v2\/pages\/42","targetHints":{"allow":["GET"]}}],"collection":[{"href":"https:\/\/etudiant6.vikapu.com\/index.php\/wp-json\/wp\/v2\/pages"}],"about":[{"href":"https:\/\/etudiant6.vikapu.com\/index.php\/wp-json\/wp\/v2\/types\/page"}],"author":[{"embeddable":true,"href":"https:\/\/etudiant6.vikapu.com\/index.php\/wp-json\/wp\/v2\/users\/1"}],"replies":[{"embeddable":true,"href":"https:\/\/etudiant6.vikapu.com\/index.php\/wp-json\/wp\/v2\/comments?post=42"}],"version-history":[{"count":7,"href":"https:\/\/etudiant6.vikapu.com\/index.php\/wp-json\/wp\/v2\/pages\/42\/revisions"}],"predecessor-version":[{"id":97,"href":"https:\/\/etudiant6.vikapu.com\/index.php\/wp-json\/wp\/v2\/pages\/42\/revisions\/97"}],"wp:attachment":[{"href":"https:\/\/etudiant6.vikapu.com\/index.php\/wp-json\/wp\/v2\/media?parent=42"}],"curies":[{"name":"wp","href":"https:\/\/api.w.org\/{rel}","templated":true}]}}